{"id":22,"date":"2022-04-18T07:09:07","date_gmt":"2022-04-18T07:09:07","guid":{"rendered":"https:\/\/consultplan.co.at\/?page_id=22"},"modified":"2024-01-08T08:15:50","modified_gmt":"2024-01-08T08:15:50","slug":"datenschutz","status":"publish","type":"page","link":"https:\/\/consultplan.co.at\/index.php\/datenschutz\/","title":{"rendered":"Datenschutz"},"content":{"rendered":"\t\t<div data-elementor-type=\"wp-page\" data-elementor-id=\"22\" class=\"elementor elementor-22\" data-elementor-post-type=\"page\">\n\t\t\t\t\t\t<section class=\"elementor-section elementor-top-section elementor-element elementor-element-84d3fc5 elementor-section-boxed elementor-section-height-default elementor-section-height-default\" data-id=\"84d3fc5\" data-element_type=\"section\" data-e-type=\"section\" data-settings=\"{&quot;background_background&quot;:&quot;classic&quot;,&quot;sticky&quot;:&quot;top&quot;,&quot;sticky_on&quot;:[&quot;desktop&quot;,&quot;tablet&quot;],&quot;sticky_offset&quot;:0,&quot;sticky_effects_offset&quot;:0}\">\n\t\t\t\t\t\t<div class=\"elementor-container elementor-column-gap-default\">\n\t\t\t\t\t<div class=\"elementor-column elementor-col-66 elementor-top-column elementor-element elementor-element-5aa594d\" data-id=\"5aa594d\" data-element_type=\"column\" data-e-type=\"column\">\n\t\t\t<div class=\"elementor-widget-wrap elementor-element-populated\">\n\t\t\t\t\t\t<div class=\"elementor-element elementor-element-b43b519 elementor-align-center elementor-widget elementor-widget-button\" data-id=\"b43b519\" data-element_type=\"widget\" data-e-type=\"widget\" data-settings=\"{&quot;sticky&quot;:&quot;top&quot;,&quot;sticky_on&quot;:[&quot;desktop&quot;,&quot;tablet&quot;,&quot;mobile&quot;],&quot;sticky_offset&quot;:0,&quot;sticky_effects_offset&quot;:0}\" data-widget_type=\"button.default\">\n\t\t\t\t<div class=\"elementor-widget-container\">\n\t\t\t\t\t\t\t\t\t<div class=\"elementor-button-wrapper\">\n\t\t\t\t\t<a class=\"elementor-button elementor-button-link elementor-size-sm\" href=\"https:\/\/consultplan.co.at\/\">\n\t\t\t\t\t\t<span class=\"elementor-button-content-wrapper\">\n\t\t\t\t\t\t\t\t\t<span class=\"elementor-button-text\">ZUR\u00dcCK<\/span>\n\t\t\t\t\t<\/span>\n\t\t\t\t\t<\/a>\n\t\t\t\t<\/div>\n\t\t\t\t\t\t\t\t<\/div>\n\t\t\t\t<\/div>\n\t\t\t\t\t<\/div>\n\t\t<\/div>\n\t\t\t\t<div class=\"elementor-column elementor-col-33 elementor-top-column elementor-element elementor-element-22a293f\" data-id=\"22a293f\" data-element_type=\"column\" data-e-type=\"column\">\n\t\t\t<div class=\"elementor-widget-wrap elementor-element-populated\">\n\t\t\t\t\t\t<div class=\"elementor-element elementor-element-ce54179 elementor-widget elementor-widget-image\" data-id=\"ce54179\" data-element_type=\"widget\" data-e-type=\"widget\" id=\"top\" data-widget_type=\"image.default\">\n\t\t\t\t<div class=\"elementor-widget-container\">\n\t\t\t\t\t\t\t\t\t\t\t\t\t\t\t\t<a href=\"https:\/\/consultplan.co.at\/\">\n\t\t\t\t\t\t\t<img decoding=\"async\" width=\"300\" height=\"68\" src=\"https:\/\/consultplan.co.at\/wp-content\/uploads\/2022\/04\/LOGO_gross_Zeichenfla\u0308che-1-e1650354851820-300x68.png\" class=\"attachment-medium size-medium wp-image-170\" alt=\"\" srcset=\"https:\/\/consultplan.co.at\/wp-content\/uploads\/2022\/04\/LOGO_gross_Zeichenfla\u0308che-1-e1650354851820-300x68.png 300w, https:\/\/consultplan.co.at\/wp-content\/uploads\/2022\/04\/LOGO_gross_Zeichenfla\u0308che-1-e1650354851820-1024x233.png 1024w, https:\/\/consultplan.co.at\/wp-content\/uploads\/2022\/04\/LOGO_gross_Zeichenfla\u0308che-1-e1650354851820-768x175.png 768w, https:\/\/consultplan.co.at\/wp-content\/uploads\/2022\/04\/LOGO_gross_Zeichenfla\u0308che-1-e1650354851820-1536x349.png 1536w, https:\/\/consultplan.co.at\/wp-content\/uploads\/2022\/04\/LOGO_gross_Zeichenfla\u0308che-1-e1650354851820-2048x466.png 2048w\" sizes=\"(max-width: 300px) 100vw, 300px\" \/>\t\t\t\t\t\t\t\t<\/a>\n\t\t\t\t\t\t\t\t\t\t\t\t\t\t\t<\/div>\n\t\t\t\t<\/div>\n\t\t\t\t\t<\/div>\n\t\t<\/div>\n\t\t\t\t\t<\/div>\n\t\t<\/section>\n\t\t\t\t<section class=\"elementor-section elementor-top-section elementor-element elementor-element-ec4e7fa elementor-section-boxed elementor-section-height-default elementor-section-height-default\" data-id=\"ec4e7fa\" data-element_type=\"section\" data-e-type=\"section\">\n\t\t\t\t\t\t<div class=\"elementor-container elementor-column-gap-default\">\n\t\t\t\t\t<div class=\"elementor-column elementor-col-100 elementor-top-column elementor-element elementor-element-c98fe34\" data-id=\"c98fe34\" data-element_type=\"column\" data-e-type=\"column\">\n\t\t\t<div class=\"elementor-widget-wrap\">\n\t\t\t\t\t\t\t<\/div>\n\t\t<\/div>\n\t\t\t\t\t<\/div>\n\t\t<\/section>\n\t\t\t\t<section class=\"elementor-section elementor-top-section elementor-element elementor-element-b276fd2 elementor-section-boxed elementor-section-height-default elementor-section-height-default\" data-id=\"b276fd2\" data-element_type=\"section\" data-e-type=\"section\">\n\t\t\t\t\t\t<div class=\"elementor-container elementor-column-gap-default\">\n\t\t\t\t\t<div class=\"elementor-column elementor-col-100 elementor-top-column elementor-element elementor-element-6455c23\" data-id=\"6455c23\" data-element_type=\"column\" data-e-type=\"column\">\n\t\t\t<div class=\"elementor-widget-wrap elementor-element-populated\">\n\t\t\t\t\t\t<div class=\"elementor-element elementor-element-4e974b1 elementor-widget elementor-widget-text-editor\" data-id=\"4e974b1\" data-element_type=\"widget\" data-e-type=\"widget\" data-widget_type=\"text-editor.default\">\n\t\t\t\t<div class=\"elementor-widget-container\">\n\t\t\t\t\t\t\t\t\t<p>DATENSCHUTZ<\/p>\t\t\t\t\t\t\t\t<\/div>\n\t\t\t\t<\/div>\n\t\t\t\t\t<\/div>\n\t\t<\/div>\n\t\t\t\t\t<\/div>\n\t\t<\/section>\n\t\t\t\t<section class=\"elementor-section elementor-top-section elementor-element elementor-element-53f9a77 elementor-section-boxed elementor-section-height-default elementor-section-height-default\" data-id=\"53f9a77\" data-element_type=\"section\" data-e-type=\"section\">\n\t\t\t\t\t\t<div class=\"elementor-container elementor-column-gap-default\">\n\t\t\t\t\t<div class=\"elementor-column elementor-col-100 elementor-top-column elementor-element elementor-element-9b0d150\" data-id=\"9b0d150\" data-element_type=\"column\" data-e-type=\"column\">\n\t\t\t<div class=\"elementor-widget-wrap elementor-element-populated\">\n\t\t\t\t\t\t<div class=\"elementor-element elementor-element-aa94b2b elementor-widget elementor-widget-text-editor\" data-id=\"aa94b2b\" data-element_type=\"widget\" data-e-type=\"widget\" data-widget_type=\"text-editor.default\">\n\t\t\t\t<div class=\"elementor-widget-container\">\n\t\t\t\t\t\t\t\t\t<div class=\"page\" title=\"Page 1\">\n<div class=\"layoutArea\">\n<div class=\"column\">\n<h5>CONSULTPLAN<br>ENERGIETECHNIK GMBH<\/h5>\n<\/div>\n<\/div>\n<div class=\"layoutArea\">\n<div class=\"column\">\n<h2>Datenschutzerkl\u00e4rung<\/h2>\n<p>Der Schutz Ihrer Privatsph\u00e4re bei der Nutzung unserer Website ist uns wichtig, dementsprechend verwenden wir Ihre Daten in \u00dcbereinstimmung mit den gesetzlichen Vorschriften zum Datenschutz. Alle MitarbeiterInnen und Gesch\u00e4ftspartnerInnen von Consultplan Energietechnik GmbH sind zum Datengeheimnis verpflichtet. Auch unsere beauftragten Dienstleistungsunternehmen werden zur Verschwiegenheit und zur Einhaltung der Bestimmungen des Datenschutzgesetzes verpflichtet. Nachfolgend informieren wir Sie dar\u00fcber, wie wir mit Ihren Daten umgehen.<\/p>\n<h2><a id=\"personenbezogene_daten\" class=\"dbi_anchor\"><\/a>Personenbezogene Daten<\/h2>\n<p>Personenbezogene Daten sind Angaben \u00fcber Betroffene, deren Identit\u00e4t bestimmt oder bestimmbar ist. Darunter fallen freiwillig zur Verf\u00fcgung gestellte Informationen, wie z.B. Name, Anschrift, Telefonnummer oder E-Mail-Adresse. Sie k\u00f6nnen diese Daten z.B. auf Kontakt- und Registrierungsseiten angeben. Nicht personenbezogene Daten sind Informationen, die nicht direkt mit Ihrer wirklichen Identit\u00e4t in Verbindung gebracht werden k\u00f6nnen, wie beispielsweise die IP-Adresse.&nbsp;Wir erheben (au\u00dfer im Rahmen der Webserver-Protokolle) nur dann Daten von Ihnen, wenn Sie uns diese selbst mitteilen, um einen unserer angebotenen Dienste zu nutzen (z.B. Zusendung von Informationsmaterial, Anfragen, Bestellungen, Anmeldung f\u00fcr den Newsletter, Online-Bewerbung). Diese Daten werden dann ausschlie\u00dflich zur Durchf\u00fchrung des jeweiligen Dienstes verarbeitet und\/oder genutzt.<\/p>\n<h2><a id=\"protokolle\" class=\"dbi_anchor\"><\/a>Webserver- und Mailserver-Protokolle<\/h2>\n<p>Wie bei nahezu allen Internetseiten \u00fcblich, sammelt der Server, auf dem sich unsere Websites befinden (nachstehend \u201eWebserver\u201c genannt), automatisch Informationen in Webserver-Protokollen, wenn Sie uns im Internet besuchen. Der Webserver erkennt automatisch bestimmte, nicht personenbezogene Daten, wie beispielsweise Ihre IP-Adresse, das Datum und die Uhrzeit, wann Sie auf unserer Seite sind, die von Ihnen auf unserer Internetseite besuchten Seiten, die Internetseite, auf der Sie zuvor waren, den von Ihnen verwendeten Browser (z.B. Mozilla Firefox), das von Ihnen verwendete Betriebssystem (z.B. Windows) sowie den Domainnamen und die Adresse Ihres Internet-Providers (z.B. UPC). Falls unsere Website Cookies verwendet, speichert der Webserver auch diese Information. Wir werten diese Server-Protokolle regelm\u00e4\u00dfig aus, damit wir feststellen k\u00f6nnen, welche Seiten unserer Website besucht werden. So erhalten wir eine genauere Vorstellung davon, wie unsere Website genutzt wird und wie wir unser Angebot weiter optimieren k\u00f6nnen. Au\u00dferdem k\u00f6nnen wir diese Informationen im Falle eines Systemmissbrauchs in Zusammenarbeit mit Ihrem Internet-Provider und\/oder den Beh\u00f6rden vor Ort verwenden, um die Urheberin\/den Urheber dieses Missbrauchs zu ermitteln. Eine Einzelprofilbildung \u00fcber Ihr Nutzungsverhalten findet nicht statt. Ein Personenbezug kann daraus nicht abgeleitet werden, eine Weitergabe der Daten an Dritte, auch in Ausz\u00fcgen, findet nicht statt. Eine Zusammenf\u00fchrung dieser Daten mit anderen Datenquellen wird nicht vorgenommen. Dar\u00fcber hinausgehende, personenbezogene Angaben wie Name, Anschrift, Telefonnummer oder E-Mail-Adresse werden nicht erfasst, es sei denn, diese Angaben werden von Ihnen freiwillig gemacht, etwa im Rahmen einer Anfrage, Bestellung oder Registrierung.<\/p>\n<h2><a id=\"cookies\" class=\"dbi_anchor\"><\/a>Cookies<\/h2>\n<p>Wir setzen auf unserer Website Session-Cookies ein. Die Daten werden nicht dauerhaft gespeichert. Die Verwendung der zeitlich begrenzten Cookies dient dazu, unser Angebot nutzerfreundlicher, effektiver und sicherer zu machen. Die Cookies werden beim Schlie\u00dfen des Browsers automatisch gel\u00f6scht. Sie richten auf Ihrem Rechner keinen Schaden an und enthalten keine Viren oder Schadsoftware.&nbsp;Die meisten Browser sind so eingestellt, dass sie Cookies automatisch akzeptieren. Sie k\u00f6nnen das Speichern von Cookies jedoch deaktivieren oder Ihren Browser so einstellen, dass er Sie benachrichtigt, sobald Cookies gesendet werden.<\/p>\n<h2><a id=\"einbindung_dienste_dritter\" class=\"dbi_anchor\"><\/a>Einbindung von Diensten und Inhalten Dritter<\/h2>\n<p>Wir setzen innerhalb unseres Onlineangebotes auf Grundlage unserer berechtigten Interessen (d.h. Interesse an Analyse, Optimierung und wirtschaftlichem Betrieb unseres Onlineangebotes im Sinne des Art. 6 Abs. 1 lit. f. DSGVO) Inhalts- oder Serviceangebote von Drittanbietern ein, um deren Inhalte und Services, wie z.B. Videos oder Schriftarten, einzubinden (nachfolgend einheitlich bezeichnet als \u201eInhalte\u201c). Dies setzt immer voraus, dass die Drittanbieter dieser Inhalte, die IP-Adresse der NutzerInnen wahrnehmen, da sie ohne die IP-Adresse die Inhalte nicht an deren Browser senden k\u00f6nnten. Die IP-Adresse ist damit f\u00fcr die Darstellung dieser Inhalte erforderlich. Wir bem\u00fchen uns, nur solche Inhalte zu verwenden, deren jeweilige Anbieter die IP-Adresse lediglich zur Auslieferung der Inhalte verwenden. Drittanbieter k\u00f6nnen ferner so genannte Pixel-Tags (unsichtbare Grafiken, auch als \u201eWeb Beacons\u201c bezeichnet) f\u00fcr statistische oder Marketingzwecke verwenden. Durch die \u201ePixel-Tags\u201c k\u00f6nnen Informationen, wie der Besucherverkehr, auf den Seiten dieser Website ausgewertet werden. Die pseudonymen Informationen k\u00f6nnen ferner in Cookies auf dem Ger\u00e4t der NutzerInnen gespeichert werden und unter anderem technische Informationen zum Browser und Betriebssystem, verweisende Websites, Besuchszeit sowie weitere Angaben zur Nutzung unseres Onlineangebotes enthalten und auch mit solchen Informationen aus anderen Quellen verbunden werden.&nbsp;Die nachfolgende Darstellung bietet eine \u00dcbersicht von Drittanbietern sowie ihrer Inhalte, nebst Links zu deren Datenschutzerkl\u00e4rungen, die weitere Hinweise zur Verarbeitung von Daten und, z.T. bereits hier genannt, Widerspruchsm\u00f6glichkeiten (sog. Opt-out) enthalten:<\/p>\n<h2>Google Analytics (Datenschutzerkl\u00e4rung)<\/h2>\n<p>Diese Website benutzt Google Analytics, einen Webanalysedienst der Google Inc. (\u201eGoogle\u201c). Google Analytics verwendet sog. \u201eCookies\u201c, Textdateien, die auf Ihrem Computer gespeichert werden und die eine Analyse der Benutzung der Website durch Sie erm\u00f6glichen. Die durch den Cookie erzeugten Informationen \u00fcber Ihre Benutzung dieser Website werden in der Regel an einen Server von Google in den USA \u00fcbertragen und dort gespeichert. Im Falle der Aktivierung der IP-Anonymisierung auf dieser Website wird Ihre IP-Adresse von Google jedoch innerhalb von Mitgliedstaaten der Europ\u00e4ischen Union oder in anderen Vertragsstaaten des Abkommens \u00fcber den Europ\u00e4ischen Wirtschaftsraum zuvor gek\u00fcrzt. Nur in Ausnahmef\u00e4llen wird die volle IP-Adresse an einen Server von Google in den USA \u00fcbertragen und dort gek\u00fcrzt. Im Auftrag der Betreiber dieser Website wird Google diese Informationen benutzen, um Ihre Nutzung der Website auszuwerten, um Reports \u00fcber die Websiteaktivit\u00e4ten zusammenzustellen und um weitere mit der Websitenutzung und der Internetnutzung verbundene Dienstleistungen gegen\u00fcber dem Websitebetreiber zu erbringen. Die im Rahmen von Google Analytics von Ihrem Browser \u00fcbermittelte IP-Adresse wird nicht mit anderen Daten von Google zusammengef\u00fchrt. Sie k\u00f6nnen die Speicherung der Cookies durch eine entsprechende Einstellung Ihrer Browser-Software verhindern; wir weisen Sie jedoch darauf hin, dass Sie in diesem Fall gegebenenfalls nicht s\u00e4mtliche Funktionen dieser Website vollumf\u00e4nglich werden nutzen k\u00f6nnen. Sie k\u00f6nnen dar\u00fcber hinaus die Erfassung der durch das Cookie erzeugten und auf Ihre Nutzung der Website bezogenen Daten (inkl. Ihrer IP-Adresse) an Google sowie die Verarbeitung dieser Daten durch Google verhindern, indem Sie das unter dem folgenden Link (<a href=\"http:\/\/tools.google.com\/dlpage\/gaoptout?hl=de\" target=\"_blank\" rel=\"noopener\">https:\/\/tools.google.com\/dlpage\/gaoptout?hl=de<\/a>) verf\u00fcgbare Browser-Plugin herunterladen und installieren.&nbsp;N\u00e4here Informationen zu Nutzungsbedingungen und Datenschutz finden Sie unter <a href=\"http:\/\/www.google.com\/analytics\/terms\/de.html\" target=\"_blank\" rel=\"noopener\">https:\/\/www.google.com\/analytics\/terms\/de.html<\/a> bzw. unter <a href=\"https:\/\/support.google.com\/analytics\/answer\/6004245?hl=de\" target=\"_blank\" rel=\"noopener\">https:\/\/support.google.com\/analytics\/answer\/6004245?hl=de<\/a>.<\/p>\n<h2>Google Maps (Datenschutzerkl\u00e4rung)<\/h2>\n<p>Diese Website verwendet Google Maps f\u00fcr die Darstellung von Karteninformationen. Bei der Nutzung von Google Maps werden von Google auch Daten \u00fcber die Nutzung der Maps-Funktionen durch BesucherInnen der Websites erhoben, verarbeitet und genutzt. N\u00e4here Informationen \u00fcber die Datenverarbeitung durch Google k\u00f6nnen Sie den Datenschutzhinweisen von Google auf <a href=\"https:\/\/www.google.at\/intl\/de\/policies\/privacy\/\" target=\"_blank\" rel=\"noopener\">https:\/\/www.google.at\/intl\/de\/policies\/privacy\/<\/a> entnehmen. Dort k\u00f6nnen Sie im Datenschutzcenter auch Ihre Einstellungen ver\u00e4ndern, sodass Sie Ihre Daten verwalten und sch\u00fctzen k\u00f6nnen.<\/p>\n<h2>Google-Schriftarten (Datenschutzerkl\u00e4rung)<\/h2>\n<p>Wir verwenden eventuell externe Schriftarten von Google Inc., <a href=\"https:\/\/www.google.com\/fonts\" target=\"_blank\" rel=\"noopener\">https:\/\/www.google.com\/fonts<\/a> (\u201eGoogle Fonts\u201c). Die Einbindung der Google Fonts erfolgt durch einen Serveraufruf bei Google (in der Regel in den USA). <br>Datenschutzerkl\u00e4rung: <a href=\"https:\/\/www.google.com\/policies\/privacy\/\" target=\"_blank\" rel=\"noopener\">https:\/\/www.google.com\/policies\/privacy\/<\/a> <br>Opt-out: <a href=\"https:\/\/www.google.com\/settings\/ads\/\" target=\"_blank\" rel=\"noopener\">https:\/\/www.google.com\/settings\/ads\/<\/a><\/p>\n<h2>Urheberrechte<\/h2>\n<\/div>\n<\/div>\n<div class=\"layoutArea\">\n<div class=\"column\">\n<p>Der Inhalt dieser Website ist urheberrechtlich gesch\u00fctzt. Die Bereitstellung von Inhalten und Bildmaterial dieser Website auf anderen Websites ist nur mit unserer&nbsp;schriftlichen Genehmigung &nbsp;gestattet.&nbsp;<\/p>\n<p><strong>Sie erreichen uns unter folgenden Kontaktdaten.<\/strong><\/p>\n<h5>CONSULTPLAN Energietechnik GmbH<\/h5>\n<p>Limbach 113 8241 Rohrbach an der Lafnitz<br>+43(0)3338\/21821 office@consultplan.co.at<\/p>\n<p>Hinweis:<br>Die Datenu\u0308bertragung im Internet (z.B. bei der Kommunikation per E-Mail) kann Sicherheitslu\u0308cken aufweisen. Ein lu\u0308ckenloser Schutz der Daten vor dem Zugriff durch Dritte ist nicht mo\u0308glich!<\/p>\n<\/div>\n<\/div>\n<\/div>\t\t\t\t\t\t\t\t<\/div>\n\t\t\t\t<\/div>\n\t\t\t\t\t<\/div>\n\t\t<\/div>\n\t\t\t\t\t<\/div>\n\t\t<\/section>\n\t\t\t\t<section class=\"elementor-section elementor-top-section elementor-element elementor-element-63ec2ef elementor-section-boxed elementor-section-height-default elementor-section-height-default\" data-id=\"63ec2ef\" data-element_type=\"section\" data-e-type=\"section\">\n\t\t\t\t\t\t<div class=\"elementor-container elementor-column-gap-default\">\n\t\t\t\t\t<div class=\"elementor-column elementor-col-100 elementor-top-column elementor-element elementor-element-425e01f\" data-id=\"425e01f\" data-element_type=\"column\" data-e-type=\"column\">\n\t\t\t<div class=\"elementor-widget-wrap elementor-element-populated\">\n\t\t\t\t\t\t<div class=\"elementor-element elementor-element-1e71d64 elementor-align-right elementor-fixed elementor-widget elementor-widget-button\" data-id=\"1e71d64\" data-element_type=\"widget\" data-e-type=\"widget\" data-settings=\"{&quot;_position&quot;:&quot;fixed&quot;}\" data-widget_type=\"button.default\">\n\t\t\t\t<div class=\"elementor-widget-container\">\n\t\t\t\t\t\t\t\t\t<div class=\"elementor-button-wrapper\">\n\t\t\t\t\t<a class=\"elementor-button elementor-button-link elementor-size-xl\" href=\"#top\">\n\t\t\t\t\t\t<span class=\"elementor-button-content-wrapper\">\n\t\t\t\t\t\t<span class=\"elementor-button-icon\">\n\t\t\t\t<i aria-hidden=\"true\" class=\"fas fa-chevron-up\"><\/i>\t\t\t<\/span>\n\t\t\t\t\t\t\t\t<\/span>\n\t\t\t\t\t<\/a>\n\t\t\t\t<\/div>\n\t\t\t\t\t\t\t\t<\/div>\n\t\t\t\t<\/div>\n\t\t\t\t\t<\/div>\n\t\t<\/div>\n\t\t\t\t\t<\/div>\n\t\t<\/section>\n\t\t\t\t<\/div>\n\t\t","protected":false},"excerpt":{"rendered":"<p>ZUR\u00dcCK DATENSCHUTZ CONSULTPLANENERGIETECHNIK GMBH Datenschutzerkl\u00e4rung Der Schutz Ihrer Privatsph\u00e4re bei der Nutzung unserer Website ist uns wichtig, dementsprechend verwenden wir Ihre Daten in \u00dcbereinstimmung mit den gesetzlichen Vorschriften zum Datenschutz. Alle MitarbeiterInnen und Gesch\u00e4ftspartnerInnen von Consultplan Energietechnik GmbH sind zum Datengeheimnis verpflichtet. Auch unsere beauftragten Dienstleistungsunternehmen werden zur Verschwiegenheit und zur Einhaltung der Bestimmungen des [&hellip;]<\/p>\n","protected":false},"author":1,"featured_media":0,"parent":0,"menu_order":0,"comment_status":"closed","ping_status":"closed","template":"","meta":{"footnotes":""},"class_list":["post-22","page","type-page","status-publish","hentry"],"_links":{"self":[{"href":"https:\/\/consultplan.co.at\/index.php\/wp-json\/wp\/v2\/pages\/22","targetHints":{"allow":["GET"]}}],"collection":[{"href":"https:\/\/consultplan.co.at\/index.php\/wp-json\/wp\/v2\/pages"}],"about":[{"href":"https:\/\/consultplan.co.at\/index.php\/wp-json\/wp\/v2\/types\/page"}],"author":[{"embeddable":true,"href":"https:\/\/consultplan.co.at\/index.php\/wp-json\/wp\/v2\/users\/1"}],"replies":[{"embeddable":true,"href":"https:\/\/consultplan.co.at\/index.php\/wp-json\/wp\/v2\/comments?post=22"}],"version-history":[{"count":37,"href":"https:\/\/consultplan.co.at\/index.php\/wp-json\/wp\/v2\/pages\/22\/revisions"}],"predecessor-version":[{"id":1025,"href":"https:\/\/consultplan.co.at\/index.php\/wp-json\/wp\/v2\/pages\/22\/revisions\/1025"}],"wp:attachment":[{"href":"https:\/\/consultplan.co.at\/index.php\/wp-json\/wp\/v2\/media?parent=22"}],"curies":[{"name":"wp","href":"https:\/\/api.w.org\/{rel}","templated":true}]}}